{"id":1090,"date":"2023-11-29T09:40:07","date_gmt":"2023-11-29T08:40:07","guid":{"rendered":"https:\/\/curcio.esg-view.com\/eventi-news\/"},"modified":"2024-11-06T15:44:42","modified_gmt":"2024-11-06T14:44:42","slug":"evenements-et-actualites","status":"publish","type":"page","link":"https:\/\/curcio.esg-view.com\/fr\/evenements-et-actualites\/","title":{"rendered":"\u00c9v\u00e9nements et actualit\u00e9s"},"content":{"rendered":"\t\t<div data-elementor-type=\"wp-page\" data-elementor-id=\"1090\" class=\"elementor elementor-1090 elementor-450\" data-elementor-post-type=\"page\">\n\t\t\t\t<div class=\"elementor-element elementor-element-f2160a0 e-flex e-con-boxed e-con e-parent\" data-id=\"f2160a0\" data-element_type=\"container\" data-e-type=\"container\">\n\t\t\t\t\t<div class=\"e-con-inner\">\n\t\t\t\t<div class=\"elementor-element elementor-element-ced8eec elementor-widget elementor-widget-button\" data-id=\"ced8eec\" data-element_type=\"widget\" data-e-type=\"widget\" data-widget_type=\"button.default\">\n\t\t\t\t<div class=\"elementor-widget-container\">\n\t\t\t\t\t\t\t\t\t<div class=\"elementor-button-wrapper\">\n\t\t\t\t\t<a class=\"elementor-button elementor-button-link elementor-size-xs\" href=\"https:\/\/curcio.esg-view.com\/fr\/\">\n\t\t\t\t\t\t<span class=\"elementor-button-content-wrapper\">\n\t\t\t\t\t\t<span class=\"elementor-button-icon\">\n\t\t\t\t<i aria-hidden=\"true\" class=\"fas fa-chevron-left\"><\/i>\t\t\t<\/span>\n\t\t\t\t\t\t\t\t\t<span class=\"elementor-button-text\">Retourner<\/span>\n\t\t\t\t\t<\/span>\n\t\t\t\t\t<\/a>\n\t\t\t\t<\/div>\n\t\t\t\t\t\t\t\t<\/div>\n\t\t\t\t<\/div>\n\t\t\t\t<div class=\"elementor-element elementor-element-78cca28 elementor-widget elementor-widget-heading\" data-id=\"78cca28\" data-element_type=\"widget\" data-e-type=\"widget\" data-widget_type=\"heading.default\">\n\t\t\t\t<div class=\"elementor-widget-container\">\n\t\t\t\t\t<h2 class=\"elementor-heading-title elementor-size-default\">\u00c9v\u00e9nements et actualit\u00e9s\u200b<\/h2>\t\t\t\t<\/div>\n\t\t\t\t<\/div>\n\t\t\t\t\t<\/div>\n\t\t\t\t<\/div>\n\t\t<div class=\"elementor-element elementor-element-33f00ec e-flex e-con-boxed e-con e-parent\" data-id=\"33f00ec\" data-element_type=\"container\" data-e-type=\"container\">\n\t\t\t\t\t<div class=\"e-con-inner\">\n\t\t\t\t<div class=\"elementor-element elementor-element-0f918a2 elementor-nav-menu--dropdown-tablet elementor-nav-menu__text-align-aside elementor-nav-menu--toggle elementor-nav-menu--burger elementor-widget elementor-widget-nav-menu\" data-id=\"0f918a2\" data-element_type=\"widget\" data-e-type=\"widget\" data-settings=\"{&quot;layout&quot;:&quot;horizontal&quot;,&quot;submenu_icon&quot;:{&quot;value&quot;:&quot;&lt;i class=\\&quot;fas fa-caret-down\\&quot;&gt;&lt;\\\/i&gt;&quot;,&quot;library&quot;:&quot;fa-solid&quot;},&quot;toggle&quot;:&quot;burger&quot;}\" data-widget_type=\"nav-menu.default\">\n\t\t\t\t<div class=\"elementor-widget-container\">\n\t\t\t\t\t\t\t\t<nav class=\"elementor-nav-menu--main elementor-nav-menu__container elementor-nav-menu--layout-horizontal e--pointer-underline e--animation-fade\">\n\t\t\t\t<ul id=\"menu-1-0f918a2\" class=\"elementor-nav-menu\"><li class=\"menu-item menu-item-type-custom menu-item-object-custom menu-item-1217\"><a href=\"https:\/\/curcio.esg-view.com\/eventi-news\/\" class=\"elementor-item\">Tutti<\/a><\/li>\n<li class=\"menu-item menu-item-type-taxonomy menu-item-object-category menu-item-1218\"><a href=\"https:\/\/curcio.esg-view.com\/fr\/category\/environnement\/\" class=\"elementor-item\">Environnement<\/a><\/li>\n<li class=\"menu-item menu-item-type-taxonomy menu-item-object-category menu-item-1219\"><a href=\"https:\/\/curcio.esg-view.com\/fr\/category\/reseau-et-territoire\/\" class=\"elementor-item\">R\u00e9seau et territoire<\/a><\/li>\n<li class=\"menu-item menu-item-type-taxonomy menu-item-object-category menu-item-1220\"><a href=\"https:\/\/curcio.esg-view.com\/fr\/category\/les-personnes\/\" class=\"elementor-item\">Les personnes<\/a><\/li>\n<li class=\"menu-item menu-item-type-taxonomy menu-item-object-category menu-item-1221\"><a href=\"https:\/\/curcio.esg-view.com\/fr\/category\/modele-dentreprise-et-innovation\/\" class=\"elementor-item\">Mod\u00e8le d&#039;entreprise et innovation<\/a><\/li>\n<li class=\"menu-item menu-item-type-taxonomy menu-item-object-category menu-item-1222\"><a href=\"https:\/\/curcio.esg-view.com\/fr\/category\/leadership-et-gouvernance\/\" class=\"elementor-item\">Leadership et gouvernance<\/a><\/li>\n<\/ul>\t\t\t<\/nav>\n\t\t\t\t\t<div class=\"elementor-menu-toggle\" role=\"button\" tabindex=\"0\" aria-label=\"Menu Toggle\" aria-expanded=\"false\">\n\t\t\t<i aria-hidden=\"true\" role=\"presentation\" class=\"elementor-menu-toggle__icon--open eicon-menu-bar\"><\/i><i aria-hidden=\"true\" role=\"presentation\" class=\"elementor-menu-toggle__icon--close eicon-close\"><\/i>\t\t\t<span class=\"elementor-screen-only\">Menu<\/span>\n\t\t<\/div>\n\t\t\t\t\t<nav class=\"elementor-nav-menu--dropdown elementor-nav-menu__container\" aria-hidden=\"true\">\n\t\t\t\t<ul id=\"menu-2-0f918a2\" class=\"elementor-nav-menu\"><li class=\"menu-item menu-item-type-custom menu-item-object-custom menu-item-1217\"><a href=\"https:\/\/curcio.esg-view.com\/eventi-news\/\" class=\"elementor-item\" tabindex=\"-1\">Tutti<\/a><\/li>\n<li class=\"menu-item menu-item-type-taxonomy menu-item-object-category menu-item-1218\"><a href=\"https:\/\/curcio.esg-view.com\/fr\/category\/environnement\/\" class=\"elementor-item\" tabindex=\"-1\">Environnement<\/a><\/li>\n<li class=\"menu-item menu-item-type-taxonomy menu-item-object-category menu-item-1219\"><a href=\"https:\/\/curcio.esg-view.com\/fr\/category\/reseau-et-territoire\/\" class=\"elementor-item\" tabindex=\"-1\">R\u00e9seau et territoire<\/a><\/li>\n<li class=\"menu-item menu-item-type-taxonomy menu-item-object-category menu-item-1220\"><a href=\"https:\/\/curcio.esg-view.com\/fr\/category\/les-personnes\/\" class=\"elementor-item\" tabindex=\"-1\">Les personnes<\/a><\/li>\n<li class=\"menu-item menu-item-type-taxonomy menu-item-object-category menu-item-1221\"><a href=\"https:\/\/curcio.esg-view.com\/fr\/category\/modele-dentreprise-et-innovation\/\" class=\"elementor-item\" tabindex=\"-1\">Mod\u00e8le d&#039;entreprise et innovation<\/a><\/li>\n<li class=\"menu-item menu-item-type-taxonomy menu-item-object-category menu-item-1222\"><a href=\"https:\/\/curcio.esg-view.com\/fr\/category\/leadership-et-gouvernance\/\" class=\"elementor-item\" tabindex=\"-1\">Leadership et gouvernance<\/a><\/li>\n<\/ul>\t\t\t<\/nav>\n\t\t\t\t\t\t<\/div>\n\t\t\t\t<\/div>\n\t\t\t\t\t<\/div>\n\t\t\t\t<\/div>\n\t\t\t\t<\/div>\n\t\t","protected":false},"excerpt":{"rendered":"<p>Retourner \u00c9v\u00e9nements et actualit\u00e9s\u200b<\/p>\n","protected":false},"author":10,"featured_media":0,"parent":0,"menu_order":0,"comment_status":"closed","ping_status":"closed","template":"elementor_header_footer","meta":{"footnotes":""},"class_list":["post-1090","page","type-page","status-publish","hentry"],"_links":{"self":[{"href":"https:\/\/curcio.esg-view.com\/fr\/wp-json\/wp\/v2\/pages\/1090","targetHints":{"allow":["GET"]}}],"collection":[{"href":"https:\/\/curcio.esg-view.com\/fr\/wp-json\/wp\/v2\/pages"}],"about":[{"href":"https:\/\/curcio.esg-view.com\/fr\/wp-json\/wp\/v2\/types\/page"}],"author":[{"embeddable":true,"href":"https:\/\/curcio.esg-view.com\/fr\/wp-json\/wp\/v2\/users\/10"}],"replies":[{"embeddable":true,"href":"https:\/\/curcio.esg-view.com\/fr\/wp-json\/wp\/v2\/comments?post=1090"}],"version-history":[{"count":4,"href":"https:\/\/curcio.esg-view.com\/fr\/wp-json\/wp\/v2\/pages\/1090\/revisions"}],"predecessor-version":[{"id":1207,"href":"https:\/\/curcio.esg-view.com\/fr\/wp-json\/wp\/v2\/pages\/1090\/revisions\/1207"}],"wp:attachment":[{"href":"https:\/\/curcio.esg-view.com\/fr\/wp-json\/wp\/v2\/media?parent=1090"}],"curies":[{"name":"wp","href":"https:\/\/api.w.org\/{rel}","templated":true}]}}